{"id":3738,"date":"2023-07-22T20:20:16","date_gmt":"2023-07-22T12:20:16","guid":{"rendered":"https:\/\/www.handfanfactory.com\/?page_id=3738"},"modified":"2023-07-22T20:23:47","modified_gmt":"2023-07-22T12:23:47","slug":"deutsch","status":"publish","type":"page","link":"https:\/\/www.handfanfactory.com\/?page_id=3738","title":{"rendered":"Deutsch"},"content":{"rendered":"\t\t<div data-elementor-type=\"wp-page\" data-elementor-id=\"3738\" class=\"elementor elementor-3738\" data-elementor-post-type=\"page\">\n\t\t\t\t\t\t\t\t\t<section class=\"elementor-section elementor-top-section elementor-element elementor-element-fb0497d elementor-section-height-min-height elementor-section-boxed elementor-section-height-default elementor-section-items-middle\" data-id=\"fb0497d\" data-element_type=\"section\" data-settings=\"{&quot;background_background&quot;:&quot;classic&quot;}\">\n\t\t\t\t\t\t\t<div class=\"elementor-background-overlay\"><\/div>\n\t\t\t\t\t\t\t<div class=\"elementor-container elementor-column-gap-no\">\n\t\t\t\t\t<div class=\"elementor-column elementor-col-100 elementor-top-column elementor-element elementor-element-325f11c\" data-id=\"325f11c\" data-element_type=\"column\">\n\t\t\t<div class=\"elementor-widget-wrap elementor-element-populated\">\n\t\t\t\t\t\t\t\t<div class=\"elementor-element elementor-element-25b39bd elementor-widget elementor-widget-heading\" data-id=\"25b39bd\" data-element_type=\"widget\" data-widget_type=\"heading.default\">\n\t\t\t\t<div class=\"elementor-widget-container\">\n\t\t\t<h1 class=\"elementor-heading-title elementor-size-default\"><span style=\"font-style: inherit;\">Handf\u00e4cher<\/span><\/h1>\t\t<\/div>\n\t\t\t\t<\/div>\n\t\t\t\t\t<\/div>\n\t\t<\/div>\n\t\t\t\t\t\t\t<\/div>\n\t\t<\/section>\n\t\t\t\t<section class=\"elementor-section elementor-top-section elementor-element elementor-element-b55abe9 elementor-section-boxed elementor-section-height-default elementor-section-height-default\" data-id=\"b55abe9\" data-element_type=\"section\">\n\t\t\t\t\t\t<div class=\"elementor-container elementor-column-gap-default\">\n\t\t\t\t\t<div class=\"elementor-column elementor-col-100 elementor-top-column elementor-element elementor-element-7a67c66\" data-id=\"7a67c66\" data-element_type=\"column\">\n\t\t\t<div class=\"elementor-widget-wrap elementor-element-populated\">\n\t\t\t\t\t\t\t\t<div class=\"elementor-element elementor-element-cb5e07d elementor-widget elementor-widget-elementskit-blog-posts\" data-id=\"cb5e07d\" data-element_type=\"widget\" data-widget_type=\"elementskit-blog-posts.default\">\n\t\t\t\t<div class=\"elementor-widget-container\">\n\t\t\t<div class=\"ekit-wid-con\" >        <div id=\"post-items--cb5e07d\" class=\"row post-items\">\n                    <div class=\"col-md-12\">\n\n                                    <div class=\"elementskit-blog-block-post\">\n                        <div class=\"row no-gutters\">\n                            \n                            <div class=\"col-md-12 order-2\">\n                                <div class=\"elementskit-post-body \">\n                                    <div class=\"elementskit-entry-header\">\n                                        \n                                                                                            \t\t\t\t\t                                            \n                                            \n                                                                                            \t\t\t\t<h2 class=\"entry-title\">\n\t\t\t\t\t<a href=\"https:\/\/www.handfanfactory.com\/?p=3775\">\n\t\t\t\t\t\tHandf\u00e4cher Personalisiert (Deutsche)\t\t\t\t\t<\/a>\n\t\t\t\t<\/h2>\n\t\t\t                                                                                <\/div><!-- .elementskit-entry-header END -->\n\n                                                                            <div class=\"elementskit-post-footer\">\n                                                                                            <p>Handf\u00e4cher, Personalisiert F\u00e4cher, Personalisierte F\u00e4cher, hochwertige handf\u00e4cher, F\u00e4cher, Papierf\u00e4cher mit Bambusrahmen, F\u00e4cher bedrucken, Stofff\u00e4cher mit Holzrahmen, Stofff\u00e4cher mit Plastikrahmen, Stofff\u00e4cher, Chinesischer Stofff\u00e4cher, Papierf\u00e4cher, Promotion Papier F\u00e4cher, F\u00c4CHER als Werbegeschenke, F\u00e4cher bedrucken, F\u00e4cher mit Logo bedrucken lassen &amp; Werbef\u00e4cher, HANDF\u00c4CHER als Werbegeschenke bedrucken, F\u00e4cher Bedrucken lassen, F\u00e4cher bedrucken mit Logo, F\u00e4cher aus Holz mit Korkgewebe-Beschichtung, F\u00e4cher &hellip;<\/p>\n<p class=\"read-more\"> <a class=\"\" href=\"https:\/\/www.handfanfactory.com\/?p=3775\"> <span class=\"screen-reader-text\">Handf\u00e4cher Personalisiert (Deutsche)<\/span> Read More &raquo;<\/a><\/p>\n                                                                                                                                <\/div><!-- .elementskit-post-footer END -->\n                                                                    <\/div><!-- .elementskit-post-body END -->\n                            <\/div>\n                        <\/div>\n                    <\/div><!-- .elementskit-blog-block-post .radius .gradient-bg END -->\n                \n            <\/div>\n                    <div class=\"col-md-12\">\n\n                                    <div class=\"elementskit-blog-block-post\">\n                        <div class=\"row no-gutters\">\n                            \n                            <div class=\"col-md-12 order-2\">\n                                <div class=\"elementskit-post-body \">\n                                    <div class=\"elementskit-entry-header\">\n                                        \n                                                                                            \t\t\t\t\t                                            \n                                            \n                                                                                            \t\t\t\t<h2 class=\"entry-title\">\n\t\t\t\t\t<a href=\"https:\/\/www.handfanfactory.com\/?p=3659\">\n\t\t\t\t\t\tMa\u00dfgeschneiderte Handf\u00e4cher &#8211; Ihre fantastische Wahl f\u00fcr Ihre Veranstaltung\t\t\t\t\t<\/a>\n\t\t\t\t<\/h2>\n\t\t\t                                                                                <\/div><!-- .elementskit-entry-header END -->\n\n                                                                            <div class=\"elementskit-post-footer\">\n                                                                                            <p>Ma\u00dfgeschneiderte Handf\u00e4cher bieten eine einzigartige M\u00f6glichkeit, Ihren Veranstaltungen ein elegantes Flair zu verleihen. Sie sind nicht nur praktisch, sondern auch stilvoll, was sie zu einem Accessoire macht, das Ihre Kunden zu sch\u00e4tzen wissen. Dar\u00fcber hinaus k\u00f6nnen Sie sowohl das Design als auch das Material anpassen, was Ihre Veranstaltung wirklich einzigartig macht. Eine Vielzahl von Materialien &hellip;<\/p>\n<p class=\"read-more\"> <a class=\"\" href=\"https:\/\/www.handfanfactory.com\/?p=3659\"> <span class=\"screen-reader-text\">Ma\u00dfgeschneiderte Handf\u00e4cher &#8211; Ihre fantastische Wahl f\u00fcr Ihre Veranstaltung<\/span> Read More &raquo;<\/a><\/p>\n                                                                                                                                <\/div><!-- .elementskit-post-footer END -->\n                                                                    <\/div><!-- .elementskit-post-body END -->\n                            <\/div>\n                        <\/div>\n                    <\/div><!-- .elementskit-blog-block-post .radius .gradient-bg END -->\n                \n            <\/div>\n                <\/div>\n       <\/div>\t\t<\/div>\n\t\t\t\t<\/div>\n\t\t\t\t\t<\/div>\n\t\t<\/div>\n\t\t\t\t\t\t\t<\/div>\n\t\t<\/section>\n\t\t\t\t\t\t\t<\/div>\n\t\t","protected":false},"excerpt":{"rendered":"<p>Handf\u00e4cher Ma\u00dfgeschneiderte Handf\u00e4cher &#8211; Ihre fantastische Wahl f\u00fcr Ihre Veranstaltung Ma\u00dfgeschneiderte Handf\u00e4cher bieten eine einzigartige M\u00f6 &hellip; Ma\u00dfgeschneiderte Handf\u00e4cher &#8211; Ihre fantastische Wahl f\u00fcr Ihre Veranstaltung \u67e5\u770b\u5168\u6587 &raquo;<\/p>\n","protected":false},"author":1,"featured_media":0,"parent":0,"menu_order":0,"comment_status":"closed","ping_status":"closed","template":"","meta":[],"yoast_head":"<!-- This site is optimized with the Yoast SEO plugin v20.11 - https:\/\/yoast.com\/wordpress\/plugins\/seo\/ -->\n<title>Custom Hand Fans &amp; Personalized Hand Fans | Hand Fan Factory<\/title>\n<meta name=\"description\" content=\"Custom Hand Fans lead at Hand Fan Factory. Explore Personalized and Customized Hand Fan designs, where your unique visions come to life.\" \/>\n<meta name=\"robots\" content=\"index, follow, max-snippet:-1, max-image-preview:large, max-video-preview:-1\" \/>\n<link rel=\"canonical\" href=\"https:\/\/www.handfanfactory.com\/?page_id=3738\" \/>\n<meta property=\"og:locale\" content=\"en_US\" \/>\n<meta property=\"og:type\" content=\"article\" \/>\n<meta property=\"og:title\" content=\"Custom Hand Fans &amp; Personalized Hand Fans | Hand Fan Factory\" \/>\n<meta property=\"og:description\" content=\"Custom Hand Fans lead at Hand Fan Factory. Explore Personalized and Customized Hand Fan designs, where your unique visions come to life.\" \/>\n<meta property=\"og:url\" content=\"https:\/\/www.handfanfactory.com\/?page_id=3738\" \/>\n<meta property=\"og:site_name\" content=\"Hand Fan Factory\" \/>\n<meta property=\"article:modified_time\" content=\"2023-07-22T12:23:47+00:00\" \/>\n<meta property=\"og:image\" content=\"https:\/\/www.handfanfactory.com\/wp-content\/uploads\/2023\/07\/Yoast-image-size.png\" \/>\n\t<meta property=\"og:image:width\" content=\"1200\" \/>\n\t<meta property=\"og:image:height\" content=\"675\" \/>\n\t<meta property=\"og:image:type\" content=\"image\/png\" \/>\n<meta name=\"twitter:card\" content=\"summary_large_image\" \/>\n<meta name=\"twitter:label1\" content=\"Est. reading time\" \/>\n\t<meta name=\"twitter:data1\" content=\"1 minute\" \/>\n<script type=\"application\/ld+json\" class=\"yoast-schema-graph\">{\"@context\":\"https:\/\/schema.org\",\"@graph\":[{\"@type\":\"WebPage\",\"@id\":\"https:\/\/www.handfanfactory.com\/?page_id=3738\",\"url\":\"https:\/\/www.handfanfactory.com\/?page_id=3738\",\"name\":\"Custom Hand Fans & Personalized Hand Fans | Hand Fan Factory\",\"isPartOf\":{\"@id\":\"https:\/\/www.handfanfactory.com\/#website\"},\"datePublished\":\"2023-07-22T12:20:16+00:00\",\"dateModified\":\"2023-07-22T12:23:47+00:00\",\"description\":\"Custom Hand Fans lead at Hand Fan Factory. Explore Personalized and Customized Hand Fan designs, where your unique visions come to life.\",\"breadcrumb\":{\"@id\":\"https:\/\/www.handfanfactory.com\/?page_id=3738#breadcrumb\"},\"inLanguage\":\"en-US\",\"potentialAction\":[{\"@type\":\"ReadAction\",\"target\":[\"https:\/\/www.handfanfactory.com\/?page_id=3738\"]}]},{\"@type\":\"BreadcrumbList\",\"@id\":\"https:\/\/www.handfanfactory.com\/?page_id=3738#breadcrumb\",\"itemListElement\":[{\"@type\":\"ListItem\",\"position\":1,\"name\":\"\u9996\u9875\",\"item\":\"https:\/\/www.handfanfactory.com\/\"},{\"@type\":\"ListItem\",\"position\":2,\"name\":\"Deutsch\"}]},{\"@type\":\"WebSite\",\"@id\":\"https:\/\/www.handfanfactory.com\/#website\",\"url\":\"https:\/\/www.handfanfactory.com\/\",\"name\":\"Hand Fan Factory\",\"description\":\"customized hand fan\uff5cPersonalized Hand Fans\uff5c\u00e9ventail personnalis\u00e9\uff5c\u00e9ventails publicitaires\uff5cChina Manufacturer I abanico personalizado | abanicos personalizados | Personalisierte F\u00e4cher | handf\u00e4cher |\",\"publisher\":{\"@id\":\"https:\/\/www.handfanfactory.com\/#organization\"},\"alternateName\":\"Custom Hand Fans\",\"potentialAction\":[{\"@type\":\"SearchAction\",\"target\":{\"@type\":\"EntryPoint\",\"urlTemplate\":\"https:\/\/www.handfanfactory.com\/?s={search_term_string}\"},\"query-input\":\"required name=search_term_string\"}],\"inLanguage\":\"en-US\"},{\"@type\":\"Organization\",\"@id\":\"https:\/\/www.handfanfactory.com\/#organization\",\"name\":\"Hand Fan Factory\",\"url\":\"https:\/\/www.handfanfactory.com\/\",\"logo\":{\"@type\":\"ImageObject\",\"inLanguage\":\"en-US\",\"@id\":\"https:\/\/www.handfanfactory.com\/#\/schema\/logo\/image\/\",\"url\":\"https:\/\/www.handfanfactory.com\/wp-content\/uploads\/2023\/07\/namecard.jpg\",\"contentUrl\":\"https:\/\/www.handfanfactory.com\/wp-content\/uploads\/2023\/07\/namecard.jpg\",\"width\":1169,\"height\":756,\"caption\":\"Hand Fan Factory\"},\"image\":{\"@id\":\"https:\/\/www.handfanfactory.com\/#\/schema\/logo\/image\/\"}}]}<\/script>\n<!-- \/ Yoast SEO plugin. -->","yoast_head_json":{"title":"Custom Hand Fans & Personalized Hand Fans | Hand Fan Factory","description":"Custom Hand Fans lead at Hand Fan Factory. Explore Personalized and Customized Hand Fan designs, where your unique visions come to life.","robots":{"index":"index","follow":"follow","max-snippet":"max-snippet:-1","max-image-preview":"max-image-preview:large","max-video-preview":"max-video-preview:-1"},"canonical":"https:\/\/www.handfanfactory.com\/?page_id=3738","og_locale":"en_US","og_type":"article","og_title":"Custom Hand Fans & Personalized Hand Fans | Hand Fan Factory","og_description":"Custom Hand Fans lead at Hand Fan Factory. Explore Personalized and Customized Hand Fan designs, where your unique visions come to life.","og_url":"https:\/\/www.handfanfactory.com\/?page_id=3738","og_site_name":"Hand Fan Factory","article_modified_time":"2023-07-22T12:23:47+00:00","og_image":[{"width":1200,"height":675,"url":"https:\/\/www.handfanfactory.com\/wp-content\/uploads\/2023\/07\/Yoast-image-size.png","type":"image\/png"}],"twitter_card":"summary_large_image","twitter_misc":{"Est. reading time":"1 minute"},"schema":{"@context":"https:\/\/schema.org","@graph":[{"@type":"WebPage","@id":"https:\/\/www.handfanfactory.com\/?page_id=3738","url":"https:\/\/www.handfanfactory.com\/?page_id=3738","name":"Custom Hand Fans & Personalized Hand Fans | Hand Fan Factory","isPartOf":{"@id":"https:\/\/www.handfanfactory.com\/#website"},"datePublished":"2023-07-22T12:20:16+00:00","dateModified":"2023-07-22T12:23:47+00:00","description":"Custom Hand Fans lead at Hand Fan Factory. Explore Personalized and Customized Hand Fan designs, where your unique visions come to life.","breadcrumb":{"@id":"https:\/\/www.handfanfactory.com\/?page_id=3738#breadcrumb"},"inLanguage":"en-US","potentialAction":[{"@type":"ReadAction","target":["https:\/\/www.handfanfactory.com\/?page_id=3738"]}]},{"@type":"BreadcrumbList","@id":"https:\/\/www.handfanfactory.com\/?page_id=3738#breadcrumb","itemListElement":[{"@type":"ListItem","position":1,"name":"\u9996\u9875","item":"https:\/\/www.handfanfactory.com\/"},{"@type":"ListItem","position":2,"name":"Deutsch"}]},{"@type":"WebSite","@id":"https:\/\/www.handfanfactory.com\/#website","url":"https:\/\/www.handfanfactory.com\/","name":"Hand Fan Factory","description":"customized hand fan\uff5cPersonalized Hand Fans\uff5c\u00e9ventail personnalis\u00e9\uff5c\u00e9ventails publicitaires\uff5cChina Manufacturer I abanico personalizado | abanicos personalizados | Personalisierte F\u00e4cher | handf\u00e4cher |","publisher":{"@id":"https:\/\/www.handfanfactory.com\/#organization"},"alternateName":"Custom Hand Fans","potentialAction":[{"@type":"SearchAction","target":{"@type":"EntryPoint","urlTemplate":"https:\/\/www.handfanfactory.com\/?s={search_term_string}"},"query-input":"required name=search_term_string"}],"inLanguage":"en-US"},{"@type":"Organization","@id":"https:\/\/www.handfanfactory.com\/#organization","name":"Hand Fan Factory","url":"https:\/\/www.handfanfactory.com\/","logo":{"@type":"ImageObject","inLanguage":"en-US","@id":"https:\/\/www.handfanfactory.com\/#\/schema\/logo\/image\/","url":"https:\/\/www.handfanfactory.com\/wp-content\/uploads\/2023\/07\/namecard.jpg","contentUrl":"https:\/\/www.handfanfactory.com\/wp-content\/uploads\/2023\/07\/namecard.jpg","width":1169,"height":756,"caption":"Hand Fan Factory"},"image":{"@id":"https:\/\/www.handfanfactory.com\/#\/schema\/logo\/image\/"}}]}},"_links":{"self":[{"href":"https:\/\/www.handfanfactory.com\/index.php?rest_route=\/wp\/v2\/pages\/3738"}],"collection":[{"href":"https:\/\/www.handfanfactory.com\/index.php?rest_route=\/wp\/v2\/pages"}],"about":[{"href":"https:\/\/www.handfanfactory.com\/index.php?rest_route=\/wp\/v2\/types\/page"}],"author":[{"embeddable":true,"href":"https:\/\/www.handfanfactory.com\/index.php?rest_route=\/wp\/v2\/users\/1"}],"replies":[{"embeddable":true,"href":"https:\/\/www.handfanfactory.com\/index.php?rest_route=%2Fwp%2Fv2%2Fcomments&post=3738"}],"version-history":[{"count":8,"href":"https:\/\/www.handfanfactory.com\/index.php?rest_route=\/wp\/v2\/pages\/3738\/revisions"}],"predecessor-version":[{"id":3752,"href":"https:\/\/www.handfanfactory.com\/index.php?rest_route=\/wp\/v2\/pages\/3738\/revisions\/3752"}],"wp:attachment":[{"href":"https:\/\/www.handfanfactory.com\/index.php?rest_route=%2Fwp%2Fv2%2Fmedia&parent=3738"}],"curies":[{"name":"wp","href":"https:\/\/api.w.org\/{rel}","templated":true}]}}