{"id":3731,"date":"2023-07-21T16:41:42","date_gmt":"2023-07-21T08:41:42","guid":{"rendered":"https:\/\/www.handfanfactory.com\/?page_id=3731"},"modified":"2023-07-22T20:53:20","modified_gmt":"2023-07-22T12:53:20","slug":"french","status":"publish","type":"page","link":"https:\/\/www.handfanfactory.com\/?page_id=3731","title":{"rendered":"Fran\u00e7ais"},"content":{"rendered":"\t\t<div data-elementor-type=\"wp-page\" data-elementor-id=\"3731\" class=\"elementor elementor-3731\" data-elementor-post-type=\"page\">\n\t\t\t\t\t\t\t\t\t<section class=\"elementor-section elementor-top-section elementor-element elementor-element-fb0497d elementor-section-height-min-height elementor-section-boxed elementor-section-height-default elementor-section-items-middle\" data-id=\"fb0497d\" data-element_type=\"section\" data-settings=\"{&quot;background_background&quot;:&quot;classic&quot;}\">\n\t\t\t\t\t\t\t<div class=\"elementor-background-overlay\"><\/div>\n\t\t\t\t\t\t\t<div class=\"elementor-container elementor-column-gap-no\">\n\t\t\t\t\t<div class=\"elementor-column elementor-col-100 elementor-top-column elementor-element elementor-element-325f11c\" data-id=\"325f11c\" data-element_type=\"column\">\n\t\t\t<div class=\"elementor-widget-wrap elementor-element-populated\">\n\t\t\t\t\t\t\t\t<div class=\"elementor-element elementor-element-25b39bd elementor-widget elementor-widget-heading\" data-id=\"25b39bd\" data-element_type=\"widget\" data-widget_type=\"heading.default\">\n\t\t\t\t<div class=\"elementor-widget-container\">\n\t\t\t<h1 class=\"elementor-heading-title elementor-size-default\"><span style=\"color: rgb(55, 65, 81); text-align: start; font-style: inherit;\">\u00c9ventail personnalis\u00e9<\/span><\/h1>\t\t<\/div>\n\t\t\t\t<\/div>\n\t\t\t\t\t<\/div>\n\t\t<\/div>\n\t\t\t\t\t\t\t<\/div>\n\t\t<\/section>\n\t\t\t\t<section class=\"elementor-section elementor-top-section elementor-element elementor-element-b55abe9 elementor-section-boxed elementor-section-height-default elementor-section-height-default\" data-id=\"b55abe9\" data-element_type=\"section\">\n\t\t\t\t\t\t<div class=\"elementor-container elementor-column-gap-default\">\n\t\t\t\t\t<div class=\"elementor-column elementor-col-100 elementor-top-column elementor-element elementor-element-7a67c66\" data-id=\"7a67c66\" data-element_type=\"column\">\n\t\t\t<div class=\"elementor-widget-wrap elementor-element-populated\">\n\t\t\t\t\t\t\t\t<div class=\"elementor-element elementor-element-cb5e07d elementor-widget elementor-widget-elementskit-blog-posts\" data-id=\"cb5e07d\" data-element_type=\"widget\" data-widget_type=\"elementskit-blog-posts.default\">\n\t\t\t\t<div class=\"elementor-widget-container\">\n\t\t\t<div class=\"ekit-wid-con\" >        <div id=\"post-items--cb5e07d\" class=\"row post-items\">\n                    <div class=\"col-md-12\">\n\n                                    <div class=\"elementskit-blog-block-post\">\n                        <div class=\"row no-gutters\">\n                            \n                            <div class=\"col-md-12 order-2\">\n                                <div class=\"elementskit-post-body \">\n                                    <div class=\"elementskit-entry-header\">\n                                        \n                                                                                            \t\t\t\t\t                                            \n                                            \n                                                                                            \t\t\t\t<h2 class=\"entry-title\">\n\t\t\t\t\t<a href=\"https:\/\/www.handfanfactory.com\/?p=3770\">\n\t\t\t\t\t\t\u00c9ventail personnalis\u00e9 (Fran\u00e7ais)\t\t\t\t\t<\/a>\n\t\t\t\t<\/h2>\n\t\t\t                                                                                <\/div><!-- .elementskit-entry-header END -->\n\n                                                                            <div class=\"elementskit-post-footer\">\n                                                                                            <p>\u00c9ventail, \u00c9ventail personnalis\u00e9, \u00c9ventail personnalisable, \u00c9ventail personnalis\u00e9 publicitaire, Eventail en bois personnalis\u00e9, \u00e9ventail publicitaire, \u00e9ventail personnalis\u00e9 avec logo, \u00c9ventails Personnalis\u00e9s pas cher, \u00e9ventails personnalisables, Eventail personnalis\u00e9, \u00c9ventails personnalis\u00e9s, \u00e9ventails publicitaires, \u00c9VENTAIL En BAMBOU ET PAPIER, \u00c9VENTAIL EN BAMBOU ET TISSU, EVENTAIL PERSONNALISABLE MANCHE PLASTIQUE, \u00c9VENTAIL BAMBOU, \u00c9VENTAIL EN PLASTIQUE ET TISSU, eventail chinois, Eventail chinois &hellip;<\/p>\n<p class=\"read-more\"> <a class=\"\" href=\"https:\/\/www.handfanfactory.com\/?p=3770\"> <span class=\"screen-reader-text\">\u00c9ventail personnalis\u00e9 (Fran\u00e7ais)<\/span> Read More &raquo;<\/a><\/p>\n                                                                                                                                <\/div><!-- .elementskit-post-footer END -->\n                                                                    <\/div><!-- .elementskit-post-body END -->\n                            <\/div>\n                        <\/div>\n                    <\/div><!-- .elementskit-blog-block-post .radius .gradient-bg END -->\n                \n            <\/div>\n                    <div class=\"col-md-12\">\n\n                                    <div class=\"elementskit-blog-block-post\">\n                        <div class=\"row no-gutters\">\n                            \n                            <div class=\"col-md-12 order-2\">\n                                <div class=\"elementskit-post-body \">\n                                    <div class=\"elementskit-entry-header\">\n                                        \n                                                                                            \t\t\t\t\t                                            \n                                            \n                                                                                            \t\t\t\t<h2 class=\"entry-title\">\n\t\t\t\t\t<a href=\"https:\/\/www.handfanfactory.com\/?p=3695\">\n\t\t\t\t\t\t\u00c9ventail et \u00c9ventail personnalis\u00e9 : L&#8217;Art de la Personnalisation\t\t\t\t\t<\/a>\n\t\t\t\t<\/h2>\n\t\t\t                                                                                <\/div><!-- .elementskit-entry-header END -->\n\n                                                                            <div class=\"elementskit-post-footer\">\n                                                                                            <p>L&#8217;\u00e9ventail n&#8217;est pas seulement un accessoire pratique pour se rafra\u00eechir pendant les chaudes journ\u00e9es d&#8217;\u00e9t\u00e9. C&#8217;est aussi un symbole d&#8217;\u00e9l\u00e9gance et de raffinement. Et quand il s&#8217;agit d&#8217;un \u00e9ventail personnalis\u00e9, il devient un reflet de votre personnalit\u00e9 ou de votre marque. \u00c9ventail personnalisable : une touche unique pour chaque occasion. Que ce soit pour un &hellip;<\/p>\n<p class=\"read-more\"> <a class=\"\" href=\"https:\/\/www.handfanfactory.com\/?p=3695\"> <span class=\"screen-reader-text\">\u00c9ventail et \u00c9ventail personnalis\u00e9 : L&#8217;Art de la Personnalisation<\/span> Read More &raquo;<\/a><\/p>\n                                                                                                                                <\/div><!-- .elementskit-post-footer END -->\n                                                                    <\/div><!-- .elementskit-post-body END -->\n                            <\/div>\n                        <\/div>\n                    <\/div><!-- .elementskit-blog-block-post .radius .gradient-bg END -->\n                \n            <\/div>\n                    <div class=\"col-md-12\">\n\n                                    <div class=\"elementskit-blog-block-post\">\n                        <div class=\"row no-gutters\">\n                            \n                            <div class=\"col-md-12 order-2\">\n                                <div class=\"elementskit-post-body \">\n                                    <div class=\"elementskit-entry-header\">\n                                        \n                                                                                            \t\t\t\t\t                                            \n                                            \n                                                                                            \t\t\t\t<h2 class=\"entry-title\">\n\t\t\t\t\t<a href=\"https:\/\/www.handfanfactory.com\/?p=3648\">\n\t\t\t\t\t\t\u00c9ventails personnalis\u00e9s -Votre choix fantastique pour votre \u00e9v\u00e9nement\t\t\t\t\t<\/a>\n\t\t\t\t<\/h2>\n\t\t\t                                                                                <\/div><!-- .elementskit-entry-header END -->\n\n                                                                            <div class=\"elementskit-post-footer\">\n                                                                                            <p>\u00c9ventails personnalis\u00e9s: Un choix unique pour vos \u00e9v\u00e9nements Les \u00e9ventails personnalis\u00e9s sont un moyen unique et \u00e9l\u00e9gant d&#8217;ajouter une touche sp\u00e9ciale \u00e0 vos \u00e9v\u00e9nements. Que ce soit pour un \u00e9v\u00e9nement d&#8217;entreprise ou une c\u00e9l\u00e9bration personnelle, ces accessoires pratiques sont toujours appr\u00e9ci\u00e9s par les invit\u00e9s. Vari\u00e9t\u00e9 de mat\u00e9riaux Nous offrons une vari\u00e9t\u00e9 de mat\u00e9riaux pour nos &hellip;<\/p>\n<p class=\"read-more\"> <a class=\"\" href=\"https:\/\/www.handfanfactory.com\/?p=3648\"> <span class=\"screen-reader-text\">\u00c9ventails personnalis\u00e9s -Votre choix fantastique pour votre \u00e9v\u00e9nement<\/span> Read More &raquo;<\/a><\/p>\n                                                                                                                                <\/div><!-- .elementskit-post-footer END -->\n                                                                    <\/div><!-- .elementskit-post-body END -->\n                            <\/div>\n                        <\/div>\n                    <\/div><!-- .elementskit-blog-block-post .radius .gradient-bg END -->\n                \n            <\/div>\n                <\/div>\n       <\/div>\t\t<\/div>\n\t\t\t\t<\/div>\n\t\t\t\t\t<\/div>\n\t\t<\/div>\n\t\t\t\t\t\t\t<\/div>\n\t\t<\/section>\n\t\t\t\t<section class=\"elementor-section elementor-top-section elementor-element elementor-element-eb6cb80 elementor-section-boxed elementor-section-height-default elementor-section-height-default\" data-id=\"eb6cb80\" data-element_type=\"section\">\n\t\t\t\t\t\t<div class=\"elementor-container elementor-column-gap-default\">\n\t\t\t\t\t<div class=\"elementor-column elementor-col-100 elementor-top-column elementor-element elementor-element-51d92a7\" data-id=\"51d92a7\" data-element_type=\"column\">\n\t\t\t<div class=\"elementor-widget-wrap\">\n\t\t\t\t\t\t\t\t\t<\/div>\n\t\t<\/div>\n\t\t\t\t\t\t\t<\/div>\n\t\t<\/section>\n\t\t\t\t\t\t\t<\/div>\n\t\t","protected":false},"excerpt":{"rendered":"<p>\u00c9ventail personnalis\u00e9 \u00c9ventail personnalis\u00e9 (Fran\u00e7ais) \u00c9ventail, \u00c9ventail personnalis\u00e9, \u00c9ventail personnalisab &hellip; \u00c9ventail personnalis\u00e9 (Fran\u00e7ais) \u67e5\u770b\u5168\u6587 &raquo; \u00c9ventail et \u00c9ventail personnalis\u00e9 : L&#8217;Art de la Personnalisation L&#8217;\u00e9ventail n&#8217;est pas seulement un accessoir &hellip; \u00c9ventail et \u00c9ventail personnalis\u00e9 : L&#8217;Art de la Personnalisation \u67e5\u770b\u5168\u6587 &raquo; \u00c9ventails personnalis\u00e9s -Votre choix fantastique pour votre \u00e9v\u00e9nement \u00c9ventails personnalis\u00e9s: Un choix &hellip;<\/p>\n<p class=\"read-more\"> <a class=\"\" href=\"https:\/\/www.handfanfactory.com\/?p=3648\"> <span class=\"screen-reader-text\">\u00c9ventails personnalis\u00e9s -Votre choix fantastique pour votre \u00e9v\u00e9nement<\/span> Read More &raquo;<\/a><\/p>\n","protected":false},"author":1,"featured_media":0,"parent":0,"menu_order":0,"comment_status":"closed","ping_status":"closed","template":"","meta":[],"yoast_head":"<!-- This site is optimized with the Yoast SEO plugin v20.11 - https:\/\/yoast.com\/wordpress\/plugins\/seo\/ -->\n<title>Custom Hand Fans &amp; Personalized Hand Fans | Hand Fan Factory<\/title>\n<meta name=\"description\" content=\"Custom Hand Fans lead at Hand Fan Factory. Explore Personalized and Customized Hand Fan designs, where your unique visions come to life.\" \/>\n<meta name=\"robots\" content=\"index, follow, max-snippet:-1, max-image-preview:large, max-video-preview:-1\" \/>\n<link rel=\"canonical\" href=\"https:\/\/www.handfanfactory.com\/?page_id=3731\" \/>\n<meta property=\"og:locale\" content=\"en_US\" \/>\n<meta property=\"og:type\" content=\"article\" \/>\n<meta property=\"og:title\" content=\"Custom Hand Fans &amp; Personalized Hand Fans | Hand Fan Factory\" \/>\n<meta property=\"og:description\" content=\"Custom Hand Fans lead at Hand Fan Factory. Explore Personalized and Customized Hand Fan designs, where your unique visions come to life.\" \/>\n<meta property=\"og:url\" content=\"https:\/\/www.handfanfactory.com\/?page_id=3731\" \/>\n<meta property=\"og:site_name\" content=\"Hand Fan Factory\" \/>\n<meta property=\"article:modified_time\" content=\"2023-07-22T12:53:20+00:00\" \/>\n<meta property=\"og:image\" content=\"https:\/\/www.handfanfactory.com\/wp-content\/uploads\/2023\/07\/Yoast-image-size.png\" \/>\n\t<meta property=\"og:image:width\" content=\"1200\" \/>\n\t<meta property=\"og:image:height\" content=\"675\" \/>\n\t<meta property=\"og:image:type\" content=\"image\/png\" \/>\n<meta name=\"twitter:card\" content=\"summary_large_image\" \/>\n<meta name=\"twitter:label1\" content=\"Est. reading time\" \/>\n\t<meta name=\"twitter:data1\" content=\"1 minute\" \/>\n<script type=\"application\/ld+json\" class=\"yoast-schema-graph\">{\"@context\":\"https:\/\/schema.org\",\"@graph\":[{\"@type\":\"WebPage\",\"@id\":\"https:\/\/www.handfanfactory.com\/?page_id=3731\",\"url\":\"https:\/\/www.handfanfactory.com\/?page_id=3731\",\"name\":\"Custom Hand Fans & Personalized Hand Fans | Hand Fan Factory\",\"isPartOf\":{\"@id\":\"https:\/\/www.handfanfactory.com\/#website\"},\"datePublished\":\"2023-07-21T08:41:42+00:00\",\"dateModified\":\"2023-07-22T12:53:20+00:00\",\"description\":\"Custom Hand Fans lead at Hand Fan Factory. Explore Personalized and Customized Hand Fan designs, where your unique visions come to life.\",\"breadcrumb\":{\"@id\":\"https:\/\/www.handfanfactory.com\/?page_id=3731#breadcrumb\"},\"inLanguage\":\"en-US\",\"potentialAction\":[{\"@type\":\"ReadAction\",\"target\":[\"https:\/\/www.handfanfactory.com\/?page_id=3731\"]}]},{\"@type\":\"BreadcrumbList\",\"@id\":\"https:\/\/www.handfanfactory.com\/?page_id=3731#breadcrumb\",\"itemListElement\":[{\"@type\":\"ListItem\",\"position\":1,\"name\":\"\u9996\u9875\",\"item\":\"https:\/\/www.handfanfactory.com\/\"},{\"@type\":\"ListItem\",\"position\":2,\"name\":\"Fran\u00e7ais\"}]},{\"@type\":\"WebSite\",\"@id\":\"https:\/\/www.handfanfactory.com\/#website\",\"url\":\"https:\/\/www.handfanfactory.com\/\",\"name\":\"Hand Fan Factory\",\"description\":\"customized hand fan\uff5cPersonalized Hand Fans\uff5c\u00e9ventail personnalis\u00e9\uff5c\u00e9ventails publicitaires\uff5cChina Manufacturer I abanico personalizado | abanicos personalizados | Personalisierte F\u00e4cher | handf\u00e4cher |\",\"publisher\":{\"@id\":\"https:\/\/www.handfanfactory.com\/#organization\"},\"alternateName\":\"Custom Hand Fans\",\"potentialAction\":[{\"@type\":\"SearchAction\",\"target\":{\"@type\":\"EntryPoint\",\"urlTemplate\":\"https:\/\/www.handfanfactory.com\/?s={search_term_string}\"},\"query-input\":\"required name=search_term_string\"}],\"inLanguage\":\"en-US\"},{\"@type\":\"Organization\",\"@id\":\"https:\/\/www.handfanfactory.com\/#organization\",\"name\":\"Hand Fan Factory\",\"url\":\"https:\/\/www.handfanfactory.com\/\",\"logo\":{\"@type\":\"ImageObject\",\"inLanguage\":\"en-US\",\"@id\":\"https:\/\/www.handfanfactory.com\/#\/schema\/logo\/image\/\",\"url\":\"https:\/\/www.handfanfactory.com\/wp-content\/uploads\/2023\/07\/namecard.jpg\",\"contentUrl\":\"https:\/\/www.handfanfactory.com\/wp-content\/uploads\/2023\/07\/namecard.jpg\",\"width\":1169,\"height\":756,\"caption\":\"Hand Fan Factory\"},\"image\":{\"@id\":\"https:\/\/www.handfanfactory.com\/#\/schema\/logo\/image\/\"}}]}<\/script>\n<!-- \/ Yoast SEO plugin. -->","yoast_head_json":{"title":"Custom Hand Fans & Personalized Hand Fans | Hand Fan Factory","description":"Custom Hand Fans lead at Hand Fan Factory. Explore Personalized and Customized Hand Fan designs, where your unique visions come to life.","robots":{"index":"index","follow":"follow","max-snippet":"max-snippet:-1","max-image-preview":"max-image-preview:large","max-video-preview":"max-video-preview:-1"},"canonical":"https:\/\/www.handfanfactory.com\/?page_id=3731","og_locale":"en_US","og_type":"article","og_title":"Custom Hand Fans & Personalized Hand Fans | Hand Fan Factory","og_description":"Custom Hand Fans lead at Hand Fan Factory. Explore Personalized and Customized Hand Fan designs, where your unique visions come to life.","og_url":"https:\/\/www.handfanfactory.com\/?page_id=3731","og_site_name":"Hand Fan Factory","article_modified_time":"2023-07-22T12:53:20+00:00","og_image":[{"width":1200,"height":675,"url":"https:\/\/www.handfanfactory.com\/wp-content\/uploads\/2023\/07\/Yoast-image-size.png","type":"image\/png"}],"twitter_card":"summary_large_image","twitter_misc":{"Est. reading time":"1 minute"},"schema":{"@context":"https:\/\/schema.org","@graph":[{"@type":"WebPage","@id":"https:\/\/www.handfanfactory.com\/?page_id=3731","url":"https:\/\/www.handfanfactory.com\/?page_id=3731","name":"Custom Hand Fans & Personalized Hand Fans | Hand Fan Factory","isPartOf":{"@id":"https:\/\/www.handfanfactory.com\/#website"},"datePublished":"2023-07-21T08:41:42+00:00","dateModified":"2023-07-22T12:53:20+00:00","description":"Custom Hand Fans lead at Hand Fan Factory. Explore Personalized and Customized Hand Fan designs, where your unique visions come to life.","breadcrumb":{"@id":"https:\/\/www.handfanfactory.com\/?page_id=3731#breadcrumb"},"inLanguage":"en-US","potentialAction":[{"@type":"ReadAction","target":["https:\/\/www.handfanfactory.com\/?page_id=3731"]}]},{"@type":"BreadcrumbList","@id":"https:\/\/www.handfanfactory.com\/?page_id=3731#breadcrumb","itemListElement":[{"@type":"ListItem","position":1,"name":"\u9996\u9875","item":"https:\/\/www.handfanfactory.com\/"},{"@type":"ListItem","position":2,"name":"Fran\u00e7ais"}]},{"@type":"WebSite","@id":"https:\/\/www.handfanfactory.com\/#website","url":"https:\/\/www.handfanfactory.com\/","name":"Hand Fan Factory","description":"customized hand fan\uff5cPersonalized Hand Fans\uff5c\u00e9ventail personnalis\u00e9\uff5c\u00e9ventails publicitaires\uff5cChina Manufacturer I abanico personalizado | abanicos personalizados | Personalisierte F\u00e4cher | handf\u00e4cher |","publisher":{"@id":"https:\/\/www.handfanfactory.com\/#organization"},"alternateName":"Custom Hand Fans","potentialAction":[{"@type":"SearchAction","target":{"@type":"EntryPoint","urlTemplate":"https:\/\/www.handfanfactory.com\/?s={search_term_string}"},"query-input":"required name=search_term_string"}],"inLanguage":"en-US"},{"@type":"Organization","@id":"https:\/\/www.handfanfactory.com\/#organization","name":"Hand Fan Factory","url":"https:\/\/www.handfanfactory.com\/","logo":{"@type":"ImageObject","inLanguage":"en-US","@id":"https:\/\/www.handfanfactory.com\/#\/schema\/logo\/image\/","url":"https:\/\/www.handfanfactory.com\/wp-content\/uploads\/2023\/07\/namecard.jpg","contentUrl":"https:\/\/www.handfanfactory.com\/wp-content\/uploads\/2023\/07\/namecard.jpg","width":1169,"height":756,"caption":"Hand Fan Factory"},"image":{"@id":"https:\/\/www.handfanfactory.com\/#\/schema\/logo\/image\/"}}]}},"_links":{"self":[{"href":"https:\/\/www.handfanfactory.com\/index.php?rest_route=\/wp\/v2\/pages\/3731"}],"collection":[{"href":"https:\/\/www.handfanfactory.com\/index.php?rest_route=\/wp\/v2\/pages"}],"about":[{"href":"https:\/\/www.handfanfactory.com\/index.php?rest_route=\/wp\/v2\/types\/page"}],"author":[{"embeddable":true,"href":"https:\/\/www.handfanfactory.com\/index.php?rest_route=\/wp\/v2\/users\/1"}],"replies":[{"embeddable":true,"href":"https:\/\/www.handfanfactory.com\/index.php?rest_route=%2Fwp%2Fv2%2Fcomments&post=3731"}],"version-history":[{"count":18,"href":"https:\/\/www.handfanfactory.com\/index.php?rest_route=\/wp\/v2\/pages\/3731\/revisions"}],"predecessor-version":[{"id":3774,"href":"https:\/\/www.handfanfactory.com\/index.php?rest_route=\/wp\/v2\/pages\/3731\/revisions\/3774"}],"wp:attachment":[{"href":"https:\/\/www.handfanfactory.com\/index.php?rest_route=%2Fwp%2Fv2%2Fmedia&parent=3731"}],"curies":[{"name":"wp","href":"https:\/\/api.w.org\/{rel}","templated":true}]}}